{"id":18,"date":"2025-12-28T22:04:59","date_gmt":"2025-12-28T22:04:59","guid":{"rendered":"https:\/\/nexpert.fi\/?page_id=18"},"modified":"2026-03-21T17:52:55","modified_gmt":"2026-03-21T17:52:55","slug":"main","status":"publish","type":"page","link":"https:\/\/nexpert.fi\/en\/main\/","title":{"rendered":"Project Heartware"},"content":{"rendered":"<div class=\"wp-block-group alignfull has-global-padding is-layout-constrained wp-container-core-group-is-layout-8aa07913 wp-block-group-is-layout-constrained\" style=\"padding-top:90px;padding-bottom:90px\">\n<div class=\"wp-block-columns alignwide is-layout-flex wp-container-core-columns-is-layout-83d8d5f7 wp-block-columns-is-layout-flex\" style=\"border-radius:0px;padding-top:0;padding-right:0;padding-bottom:0;padding-left:0\">\n<div class=\"wp-block-column is-layout-flow wp-block-column-is-layout-flow\" style=\"flex-basis:60%\">\n<div class=\"wp-block-cover is-light\" style=\"border-radius:0px;min-height:585px;aspect-ratio:unset;\"><img loading=\"lazy\" decoding=\"async\" width=\"1024\" height=\"576\" class=\"wp-block-cover__image-background wp-image-197 size-large\" alt=\"\" src=\"https:\/\/nexpert.fi\/wp-content\/uploads\/2026\/01\/190-1024x576.png\" data-object-fit=\"cover\" title=\"\" srcset=\"https:\/\/nexpert.fi\/wp-content\/uploads\/2026\/01\/190-1024x576.png 1024w, https:\/\/nexpert.fi\/wp-content\/uploads\/2026\/01\/190-300x169.png 300w, https:\/\/nexpert.fi\/wp-content\/uploads\/2026\/01\/190-768x432.png 768w, https:\/\/nexpert.fi\/wp-content\/uploads\/2026\/01\/190-1536x864.png 1536w, https:\/\/nexpert.fi\/wp-content\/uploads\/2026\/01\/190-2048x1152.png 2048w, https:\/\/nexpert.fi\/wp-content\/uploads\/2026\/01\/190-18x10.png 18w\" sizes=\"auto, (max-width: 1024px) 100vw, 1024px\" \/><span aria-hidden=\"true\" class=\"wp-block-cover__background has-background-dim-0 has-background-dim\" style=\"background-color:#85827f\"><\/span><div class=\"wp-block-cover__inner-container is-layout-flow wp-block-cover-is-layout-flow\">\n<p class=\"has-text-align-center has-large-font-size\"><\/p>\n<\/div><\/div>\n<\/div>\n\n\n\n<div class=\"wp-block-column is-vertically-aligned-center is-layout-flow wp-block-column-is-layout-flow\" style=\"padding-top:30px;padding-right:60px;padding-bottom:30px;padding-left:60px;flex-basis:40%\">\n<div class=\"wp-block-group has-global-padding is-layout-constrained wp-container-core-group-is-layout-19e250f3 wp-block-group-is-layout-constrained\">\n<p class=\"has-primary-color has-text-color has-link-color wp-elements-6a4ba2b4c847115af8ebe2b4a590ff20\" style=\"margin-bottom:20px;font-size:clamp(14px, 0.875rem + ((1vw - 3.2px) * 0.4), 18px);font-style:normal;font-weight:600;letter-spacing:2px\">Our initiative<\/p>\n\n\n\n<h2 class=\"wp-block-heading\" style=\"margin-bottom:40px;font-size:clamp(33.419px, 2.089rem + ((1vw - 3.2px) * 2.658), 60px);line-height:1\">AI in everyday life<\/h2>\n<\/div>\n\n\n\n<p>Project Heartware is Nexpert's corporate social responsibility project and a concrete example of how human-centred AI and digital transformation is designed and implemented in practice.<\/p>\n\n\n\n<p>While technology, automation and artificial intelligence are developing rapidly, their actual adoption is often hampered by human factors. Not because people are resistant to change, but because solutions are deployed without sufficient understanding of the context, barriers to learning and everyday working practices. The Heartware project has been created to address this challenge.<\/p>\n<\/div>\n<\/div>\n\n\n\n<div class=\"wp-block-group alignfull has-global-padding is-layout-constrained wp-container-core-group-is-layout-8aa07913 wp-block-group-is-layout-constrained\" style=\"padding-top:90px;padding-bottom:90px\">\n<div class=\"wp-block-columns alignwide has-background is-layout-flex wp-container-core-columns-is-layout-83d8d5f7 wp-block-columns-is-layout-flex\" style=\"border-radius:30px;background-color:#f5f5f5;padding-top:0;padding-right:0;padding-bottom:0;padding-left:0\">\n<div class=\"wp-block-column is-layout-flow wp-block-column-is-layout-flow\" style=\"flex-basis:50%\">\n<div class=\"wp-block-cover is-light\" style=\"border-top-left-radius:30px;border-bottom-left-radius:30px;min-height:100vh;aspect-ratio:unset;\"><img loading=\"lazy\" decoding=\"async\" width=\"768\" height=\"1024\" class=\"wp-block-cover__image-background wp-image-301 size-large\" alt=\"\" src=\"https:\/\/nexpert.fi\/wp-content\/uploads\/2026\/01\/WhatsApp-Image-2026-01-20-at-14.20.37-768x1024.jpeg\" data-object-fit=\"cover\" title=\"\" srcset=\"https:\/\/nexpert.fi\/wp-content\/uploads\/2026\/01\/WhatsApp-Image-2026-01-20-at-14.20.37-768x1024.jpeg 768w, https:\/\/nexpert.fi\/wp-content\/uploads\/2026\/01\/WhatsApp-Image-2026-01-20-at-14.20.37-225x300.jpeg 225w, https:\/\/nexpert.fi\/wp-content\/uploads\/2026\/01\/WhatsApp-Image-2026-01-20-at-14.20.37-1152x1536.jpeg 1152w, https:\/\/nexpert.fi\/wp-content\/uploads\/2026\/01\/WhatsApp-Image-2026-01-20-at-14.20.37-9x12.jpeg 9w, https:\/\/nexpert.fi\/wp-content\/uploads\/2026\/01\/WhatsApp-Image-2026-01-20-at-14.20.37.jpeg 1530w\" sizes=\"auto, (max-width: 768px) 100vw, 768px\" \/><span aria-hidden=\"true\" class=\"wp-block-cover__background has-background-dim-0 has-background-dim\" style=\"background-color:#85827f\"><\/span><div class=\"wp-block-cover__inner-container is-layout-flow wp-block-cover-is-layout-flow\">\n<p class=\"has-text-align-center has-large-font-size\"><\/p>\n<\/div><\/div>\n<\/div>\n\n\n\n<div class=\"wp-block-column is-vertically-aligned-center is-layout-flow wp-block-column-is-layout-flow\" style=\"padding-top:30px;padding-right:60px;padding-bottom:30px;padding-left:60px;flex-basis:40%\">\n<div class=\"wp-block-group has-global-padding is-layout-constrained wp-container-core-group-is-layout-19e250f3 wp-block-group-is-layout-constrained\">\n<h2 class=\"wp-block-heading\" style=\"font-size:clamp(24.034px, 1.502rem + ((1vw - 3.2px) * 1.597), 40px);line-height:1.3\">Project Heartware<\/h2>\n<\/div>\n\n\n\n<p>Through the project, Nexpert will design and implement practical AI and digital literacy workshops for organisations and their target groups. The workshops will be based on the same structures, methods and facilitation models as Nexpert's commercial AI workshops, but will be delivered pro bono to groups that are often underrepresented in digital transformation.<\/p>\n\n\n\n<p>We develop and test workshop models in real-life environments together with participants. Our work is based on co-creation, where different groups actively take part in applying AI, automation, and digital tools in practice.<\/p>\n\n\n\n<p>The goal is not just to introduce new technologies, but to strengthen digital skills in a way that builds confidence, clarity, and inclusive participation. We place particular emphasis on ensuring that no one is left behind in the process of development.<\/p>\n\n\n\n<p>We see technology as a tool for work, learning, and decision-making - not as an end in itself. That is why we build scalable and responsible operating models that support organizations and communities in a sustainable way, both now and in the future.<\/p>\n<\/div>\n<\/div>\n<\/div>\n\n\n\n<div class=\"wp-block-group alignfull has-global-padding is-layout-constrained wp-container-core-group-is-layout-8aa07913 wp-block-group-is-layout-constrained\" style=\"padding-top:90px;padding-bottom:90px\">\n<div class=\"wp-block-columns alignwide has-background is-layout-flex wp-container-core-columns-is-layout-83d8d5f7 wp-block-columns-is-layout-flex\" style=\"border-radius:30px;background-color:#f5f5f5;padding-top:0;padding-right:0;padding-bottom:0;padding-left:0\">\n<div class=\"wp-block-column is-layout-flow wp-block-column-is-layout-flow\" style=\"flex-basis:50%\">\n<div class=\"wp-block-cover\" style=\"border-top-left-radius:30px;border-bottom-left-radius:30px;min-height:600px;aspect-ratio:unset;\"><img loading=\"lazy\" decoding=\"async\" width=\"1024\" height=\"576\" class=\"wp-block-cover__image-background wp-image-310 size-large\" alt=\"\" src=\"https:\/\/nexpert.fi\/wp-content\/uploads\/2026\/01\/50-1024x576.png\" data-object-fit=\"cover\" title=\"\" srcset=\"https:\/\/nexpert.fi\/wp-content\/uploads\/2026\/01\/50-1024x576.png 1024w, https:\/\/nexpert.fi\/wp-content\/uploads\/2026\/01\/50-300x169.png 300w, https:\/\/nexpert.fi\/wp-content\/uploads\/2026\/01\/50-768x432.png 768w, https:\/\/nexpert.fi\/wp-content\/uploads\/2026\/01\/50-1536x864.png 1536w, https:\/\/nexpert.fi\/wp-content\/uploads\/2026\/01\/50-2048x1152.png 2048w, https:\/\/nexpert.fi\/wp-content\/uploads\/2026\/01\/50-18x10.png 18w\" sizes=\"auto, (max-width: 1024px) 100vw, 1024px\" \/><span aria-hidden=\"true\" class=\"wp-block-cover__background has-background-dim-0 has-background-dim\" style=\"background-color:#85827f\"><\/span><div class=\"wp-block-cover__inner-container is-layout-flow wp-block-cover-is-layout-flow\">\n<p class=\"has-text-align-center has-large-font-size\"><\/p>\n<\/div><\/div>\n<\/div>\n\n\n\n<div class=\"wp-block-column is-vertically-aligned-center is-layout-flow wp-block-column-is-layout-flow\" style=\"padding-top:30px;padding-right:60px;padding-bottom:30px;padding-left:60px;flex-basis:40%\">\n<div class=\"wp-block-group has-global-padding is-layout-constrained wp-container-core-group-is-layout-19e250f3 wp-block-group-is-layout-constrained\">\n<h2 class=\"wp-block-heading\" style=\"font-size:clamp(24.034px, 1.502rem + ((1vw - 3.2px) * 1.597), 40px);line-height:1.3\">Work Cases<\/h2>\n<\/div>\n\n\n\n<p>Heartware reflects Nexpert's view that responsible and effective digitalisation requires more than technical expertise. It requires the ability to translate new technology into solutions that are understandable, usable and value-added for different audiences. The lessons learned through Heartware directly guide Nexpert's commercial projects in different organisations and industries.<\/p>\n\n\n\n<figure class=\"wp-block-gallery has-nested-images columns-default is-cropped wp-block-gallery-1 is-layout-flex wp-block-gallery-is-layout-flex\">\n<figure class=\"wp-block-image size-large\"><img loading=\"lazy\" decoding=\"async\" width=\"600\" height=\"600\" data-id=\"307\" src=\"https:\/\/nexpert.fi\/wp-content\/uploads\/2026\/01\/cropped-KRIS-uusilogo-2022-suomeksi-Conflicted-copy-from-PASIN-KONE-on-2022-10-01.png-1.webp\" alt=\"KRIS logo\" class=\"wp-image-307\" title=\"\" srcset=\"https:\/\/nexpert.fi\/wp-content\/uploads\/2026\/01\/cropped-KRIS-uusilogo-2022-suomeksi-Conflicted-copy-from-PASIN-KONE-on-2022-10-01.png-1.webp 600w, https:\/\/nexpert.fi\/wp-content\/uploads\/2026\/01\/cropped-KRIS-uusilogo-2022-suomeksi-Conflicted-copy-from-PASIN-KONE-on-2022-10-01.png-1-300x300.webp 300w, https:\/\/nexpert.fi\/wp-content\/uploads\/2026\/01\/cropped-KRIS-uusilogo-2022-suomeksi-Conflicted-copy-from-PASIN-KONE-on-2022-10-01.png-1-150x150.webp 150w, https:\/\/nexpert.fi\/wp-content\/uploads\/2026\/01\/cropped-KRIS-uusilogo-2022-suomeksi-Conflicted-copy-from-PASIN-KONE-on-2022-10-01.png-1-12x12.webp 12w\" sizes=\"auto, (max-width: 600px) 100vw, 600px\" \/><\/figure>\n\n\n\n<figure class=\"wp-block-image size-full\"><a href=\"https:\/\/etela-hame.elakeliitto.fi\" target=\"_blank\" rel=\"noopener\"><img loading=\"lazy\" decoding=\"async\" width=\"591\" height=\"555\" data-id=\"359\" src=\"https:\/\/nexpert.fi\/wp-content\/uploads\/2026\/01\/1730885476449_Elakeliitto_pyorea_tunnus_lg.webp\" alt=\"\" class=\"wp-image-359\" title=\"\" srcset=\"https:\/\/nexpert.fi\/wp-content\/uploads\/2026\/01\/1730885476449_Elakeliitto_pyorea_tunnus_lg.webp 591w, https:\/\/nexpert.fi\/wp-content\/uploads\/2026\/01\/1730885476449_Elakeliitto_pyorea_tunnus_lg-300x282.webp 300w, https:\/\/nexpert.fi\/wp-content\/uploads\/2026\/01\/1730885476449_Elakeliitto_pyorea_tunnus_lg-13x12.webp 13w\" sizes=\"auto, (max-width: 591px) 100vw, 591px\" \/><\/a><\/figure>\n<\/figure>\n<\/div>\n<\/div>\n<\/div>\n\n\n\n<div class=\"wp-block-group alignfull has-global-padding is-layout-constrained wp-container-core-group-is-layout-8aa07913 wp-block-group-is-layout-constrained\" style=\"padding-top:90px;padding-bottom:90px\">\n<div class=\"wp-block-columns alignwide has-background is-layout-flex wp-container-core-columns-is-layout-83d8d5f7 wp-block-columns-is-layout-flex\" style=\"border-radius:30px;background-color:#f5f5f5;padding-top:0;padding-right:0;padding-bottom:0;padding-left:0\">\n<div class=\"wp-block-column is-layout-flow wp-block-column-is-layout-flow\" style=\"flex-basis:50%\">\n<div class=\"wp-block-cover is-light\" style=\"border-top-left-radius:30px;border-bottom-left-radius:30px;min-height:600px;aspect-ratio:unset;\"><img loading=\"lazy\" decoding=\"async\" width=\"1024\" height=\"576\" class=\"wp-block-cover__image-background wp-image-311 size-large\" alt=\"\" src=\"https:\/\/nexpert.fi\/wp-content\/uploads\/2026\/01\/30-1024x576.png\" data-object-fit=\"cover\" title=\"\" srcset=\"https:\/\/nexpert.fi\/wp-content\/uploads\/2026\/01\/30-1024x576.png 1024w, https:\/\/nexpert.fi\/wp-content\/uploads\/2026\/01\/30-300x169.png 300w, https:\/\/nexpert.fi\/wp-content\/uploads\/2026\/01\/30-768x432.png 768w, https:\/\/nexpert.fi\/wp-content\/uploads\/2026\/01\/30-1536x864.png 1536w, https:\/\/nexpert.fi\/wp-content\/uploads\/2026\/01\/30-2048x1152.png 2048w, https:\/\/nexpert.fi\/wp-content\/uploads\/2026\/01\/30-18x10.png 18w\" sizes=\"auto, (max-width: 1024px) 100vw, 1024px\" \/><span aria-hidden=\"true\" class=\"wp-block-cover__background has-background-dim-0 has-background-dim\" style=\"background-color:#85827f\"><\/span><div class=\"wp-block-cover__inner-container is-layout-flow wp-block-cover-is-layout-flow\">\n<p class=\"has-text-align-center has-large-font-size\"><\/p>\n<\/div><\/div>\n<\/div>\n\n\n\n<div class=\"wp-block-column is-vertically-aligned-center is-layout-flow wp-block-column-is-layout-flow\" style=\"padding-top:30px;padding-right:60px;padding-bottom:30px;padding-left:60px;flex-basis:40%\">\n<div class=\"wp-block-group has-global-padding is-layout-constrained wp-container-core-group-is-layout-19e250f3 wp-block-group-is-layout-constrained\">\n<h2 class=\"wp-block-heading\" style=\"font-size:clamp(24.034px, 1.502rem + ((1vw - 3.2px) * 1.597), 40px);line-height:1.3\">Are you interested in AI workshops?<\/h2>\n<\/div>\n\n\n\n<p><strong>Tell us why your members would benefit from an AI workshop.<\/strong><br>Project Heartware shows how Nexpert works in practice - contact us to discuss how we can work together.<\/p>\n\n\n\n<div class=\"wp-block-buttons is-layout-flex wp-block-buttons-is-layout-flex\" style=\"margin-top:30px\">\n<div class=\"wp-block-button\"><a class=\"wp-block-button__link has-base-color has-text-color has-background has-link-color wp-element-button\" href=\"https:\/\/forms.office.com\/pages\/responsepage.aspx?id=EBdXP80NN0K-WmLeM319NAFK7xFVl3lDl-Gx-cM1Zd1UNEo4R05OUEczWEZGTEE1TzFBQUI2WTlONy4u&amp;route=shorturl\" style=\"border-radius:30px;background-color:#024caa;padding-right:30px;padding-left:30px\" target=\"_blank\" rel=\"noopener\">Register for the workshop<\/a><\/div>\n<\/div>\n<\/div>\n<\/div>\n<\/div>\n<\/div>","protected":false},"excerpt":{"rendered":"<p>Ihmiset keski\u00f6ss\u00e4 Teko\u00e4ly arjessa Project Heartware on Nexpertin yhteiskuntavastuuhanke sek\u00e4 konkreettinen esimerkki siit\u00e4, miten ihmiskeskeist\u00e4 teko\u00e4ly\u00e4 ja digitaalista muutosta suunnitellaan ja toteutetaan k\u00e4yt\u00e4nn\u00f6ss\u00e4. Vaikka teknologia, automaatio ja teko\u00e4ly kehittyv\u00e4t nopeasti, niiden todellinen k\u00e4ytt\u00f6\u00f6notto kompastuu usein inhimillisiin tekij\u00f6ihin. Ei siksi, ett\u00e4 ihmiset vastustaisivat muutosta, vaan siksi, ett\u00e4 ratkaisuja otetaan k\u00e4ytt\u00f6\u00f6n ilman riitt\u00e4v\u00e4\u00e4 ymm\u00e4rryst\u00e4 kontekstista, oppimisen esteist\u00e4 [&hellip;]<\/p>\n","protected":false},"author":1,"featured_media":0,"parent":0,"menu_order":0,"comment_status":"closed","ping_status":"closed","template":"","meta":{"footnotes":""},"class_list":["post-18","page","type-page","status-publish","hentry"],"_links":{"self":[{"href":"https:\/\/nexpert.fi\/en\/wp-json\/wp\/v2\/pages\/18","targetHints":{"allow":["GET"]}}],"collection":[{"href":"https:\/\/nexpert.fi\/en\/wp-json\/wp\/v2\/pages"}],"about":[{"href":"https:\/\/nexpert.fi\/en\/wp-json\/wp\/v2\/types\/page"}],"author":[{"embeddable":true,"href":"https:\/\/nexpert.fi\/en\/wp-json\/wp\/v2\/users\/1"}],"replies":[{"embeddable":true,"href":"https:\/\/nexpert.fi\/en\/wp-json\/wp\/v2\/comments?post=18"}],"version-history":[{"count":24,"href":"https:\/\/nexpert.fi\/en\/wp-json\/wp\/v2\/pages\/18\/revisions"}],"predecessor-version":[{"id":421,"href":"https:\/\/nexpert.fi\/en\/wp-json\/wp\/v2\/pages\/18\/revisions\/421"}],"wp:attachment":[{"href":"https:\/\/nexpert.fi\/en\/wp-json\/wp\/v2\/media?parent=18"}],"curies":[{"name":"wp","href":"https:\/\/api.w.org\/{rel}","templated":true}]}}